{"id":52,"date":"2019-12-19T10:24:44","date_gmt":"2019-12-19T10:24:44","guid":{"rendered":"http:\/\/idm314.webenrevision.com\/?page_id=52"},"modified":"2021-01-28T08:58:00","modified_gmt":"2021-01-28T07:58:00","slug":"profesorado","status":"publish","type":"page","link":"https:\/\/2021.idm314.es\/index.php\/concursos\/profesorado\/","title":{"rendered":"Profesorado"},"content":{"rendered":"\n<div class=\"wp-block-cover alignfull has-background-dim\" style=\"background-image:url(http:\/\/idm314.fespm.es\/wp-content\/uploads\/2019\/12\/stock-photo-composition-of-circuit-board-texture-human-profile-and-technological-elements-suitable-as-a-147775994.jpg);min-height:200px\"><div class=\"wp-block-cover__inner-container\">\n<p class=\"has-text-align-left has-large-font-size\"><strong>Profesorado<\/strong><\/p>\n<\/div><\/div>\n\n\n\n<div style=\"height:30px\" aria-hidden=\"true\" class=\"wp-block-spacer\"><\/div>\n\n\n<p>[vc_row][vc_column][vc_column_text]<\/p>\n<h2>Bases del Concurso para Profesorado<\/h2>\n<p>[\/vc_column_text][\/vc_column][\/vc_row][vc_row][vc_column width=\u00bb1\/2&#8243;][vc_column_text]<strong>Objeto de la convocatoria<\/strong><\/p>\n<p>La Comisi\u00f3n de Educaci\u00f3n del Comit\u00e9 Espa\u00f1ol de Matem\u00e1ticas como organizadora del D\u00eda Internacional de las Matem\u00e1ticas 2021, con la colaboraci\u00f3n de la Federaci\u00f3n Espa\u00f1ola de Sociedades de Profesores de Matem\u00e1ticas (FESPM), la Sociedad Extreme\u00f1a de Educaci\u00f3n Matem\u00e1tica \u00abVentura Reyes Pr\u00f3sper\u00bb, el Ayuntamiento de Don Benito y la Divisi\u00f3n Educativa de CASIO convocan un concurso sobre materiales y recursos educativos dirigidos al profesorado de cualquier nivel educativo.<\/p>\n<p><strong>Participantes<\/strong><br \/>Podr\u00e1 participar el profesorado de cualquier nivel educativo de cualquier centro del \u00e1mbito del territorio del estado espa\u00f1ol.<\/p>\n<p>La participaci\u00f3n podr\u00e1 ser a t\u00edtulo individual o en equipo.<\/p>\n<p><strong>El plazo para el env\u00edo de trabajos finaliza el 20 de febrero de 2021, a las 23:59 horas.<\/strong>[\/vc_column_text][\/vc_column][vc_column width=\u00bb1\/2&#8243;][vc_column_text]<img loading=\"lazy\" class=\"alignnone size-full wp-image-76\" src=\"http:\/\/idm314.fespm.es\/wp-content\/uploads\/2019\/12\/board-4444443_1280.jpg\" alt=\"\" width=\"1280\" height=\"853\" srcset=\"https:\/\/2021.idm314.es\/wp-content\/uploads\/2019\/12\/board-4444443_1280.jpg 1280w, https:\/\/2021.idm314.es\/wp-content\/uploads\/2019\/12\/board-4444443_1280-300x200.jpg 300w, https:\/\/2021.idm314.es\/wp-content\/uploads\/2019\/12\/board-4444443_1280-1024x682.jpg 1024w, https:\/\/2021.idm314.es\/wp-content\/uploads\/2019\/12\/board-4444443_1280-768x512.jpg 768w, https:\/\/2021.idm314.es\/wp-content\/uploads\/2019\/12\/board-4444443_1280-930x620.jpg 930w\" sizes=\"(max-width: 1280px) 100vw, 1280px\" \/>[\/vc_column_text][\/vc_column][\/vc_row][vc_row][vc_column][vc_column_text]<\/p>\n<h2>Modalidades<\/h2>\n<p><strong>Materiales y recursos did\u00e1cticos<\/strong><\/p>\n<p>Los materiales y recursos se presentar\u00e1n en formato digital, se enviar\u00e1n a trav\u00e9s del formulario de participaci\u00f3n.<\/p>\n<p>El objeto de los materiales y recursos presentados estar\u00e1 centrado en el lema del D\u00eda Internacional de las Matem\u00e1ticas\u00a0<strong><em>Mathematics for a Better World<\/em><\/strong>, su objetivo ser\u00e1 facilitar la ense\u00f1anza de las matem\u00e1ticas justificando su importancia y su presencia en cualquier \u00e1mbito de nuestra sociedad o de la vida diaria y cotidiana.<\/p>\n<p>Junto con el material se enviar\u00e1n los datos de quienes los hayan elaborado.[\/vc_column_text][\/vc_column][vc_column el_class=\u00bbcentrado\u00bb][vc_column_text]<\/p>\n<h2 style=\"text-align: center;\"><a href=\"https:\/\/forms.gle\/tccsCuadA4pBchiu9\">Quiero Participar<\/a><\/h2>\n<p>[\/vc_column_text][\/vc_column][\/vc_row][vc_row][vc_column][vc_column_text]<\/p>\n<h2>Entrega de premios<\/h2>\n<p>[\/vc_column_text][vc_column_text]La entrega de premios se realizar\u00e1 en el evento \u201c<strong>D\u00eda Internacional de las Matem\u00e1ticas<\/strong>\u201d, que en 2021 se celebrar\u00e1 en Extremadura, en un acto presencial si las condiciones sanitarias lo permiten. En caso contrario, el acto se realizar\u00e1 de forma virtual.<\/p>\n<p>El comit\u00e9 organizador financiar\u00e1 el desplazamiento, as\u00ed como el alojamiento de ganador del concurso m\u00e1s un acompa\u00f1ante.[\/vc_column_text][\/vc_column][\/vc_row]<\/p>\n\n\n<p><strong><span style=\"color:#cc0000\" class=\"has-inline-color\">Los ganadores recibir\u00e1n como premios una tablet, una calculadora y un lote de libros.<\/span><\/strong><\/p>\n","protected":false},"excerpt":{"rendered":"<p>[vc_row][vc_column][vc_column_text] Bases del Concurso para Profesorado [\/vc_column_text][\/vc_column][\/vc_row][vc_row][vc_column width=\u00bb1\/2&#8243;][vc_column_text]Objeto de la convocatoria La Comisi\u00f3n de Educaci\u00f3n del Comit\u00e9 Espa\u00f1ol de Matem\u00e1ticas como organizadora del D\u00eda Internacional de las Matem\u00e1ticas 2021, con la colaboraci\u00f3n de la Federaci\u00f3n Espa\u00f1ola de Sociedades de Profesores de Matem\u00e1ticas (FESPM), la Sociedad Extreme\u00f1a de Educaci\u00f3n Matem\u00e1tica \u00abVentura Reyes Pr\u00f3sper\u00bb, el Ayuntamiento de&hellip;&nbsp;<a href=\"https:\/\/2021.idm314.es\/index.php\/concursos\/profesorado\/\" class=\"\" rel=\"bookmark\">Leer m\u00e1s &raquo;<span class=\"screen-reader-text\">Profesorado<\/span><\/a><\/p>\n","protected":false},"author":2,"featured_media":0,"parent":46,"menu_order":0,"comment_status":"closed","ping_status":"closed","template":"","meta":{"neve_meta_sidebar":"full-width","neve_meta_container":"","neve_meta_enable_content_width":"off","neve_meta_content_width":0,"neve_meta_title_alignment":"","neve_meta_author_avatar":"","neve_post_elements_order":"","neve_meta_disable_header":"","neve_meta_disable_footer":"","neve_meta_disable_title":"on"},"_links":{"self":[{"href":"https:\/\/2021.idm314.es\/index.php\/wp-json\/wp\/v2\/pages\/52"}],"collection":[{"href":"https:\/\/2021.idm314.es\/index.php\/wp-json\/wp\/v2\/pages"}],"about":[{"href":"https:\/\/2021.idm314.es\/index.php\/wp-json\/wp\/v2\/types\/page"}],"author":[{"embeddable":true,"href":"https:\/\/2021.idm314.es\/index.php\/wp-json\/wp\/v2\/users\/2"}],"replies":[{"embeddable":true,"href":"https:\/\/2021.idm314.es\/index.php\/wp-json\/wp\/v2\/comments?post=52"}],"version-history":[{"count":8,"href":"https:\/\/2021.idm314.es\/index.php\/wp-json\/wp\/v2\/pages\/52\/revisions"}],"predecessor-version":[{"id":352,"href":"https:\/\/2021.idm314.es\/index.php\/wp-json\/wp\/v2\/pages\/52\/revisions\/352"}],"up":[{"embeddable":true,"href":"https:\/\/2021.idm314.es\/index.php\/wp-json\/wp\/v2\/pages\/46"}],"wp:attachment":[{"href":"https:\/\/2021.idm314.es\/index.php\/wp-json\/wp\/v2\/media?parent=52"}],"curies":[{"name":"wp","href":"https:\/\/api.w.org\/{rel}","templated":true}]}}