{"id":371,"date":"2021-03-13T10:39:06","date_gmt":"2021-03-13T09:39:06","guid":{"rendered":"http:\/\/idm314.es\/?page_id=371"},"modified":"2021-03-14T19:05:49","modified_gmt":"2021-03-14T18:05:49","slug":"grabaciones-actividades","status":"publish","type":"page","link":"https:\/\/2021.idm314.es\/index.php\/grabaciones-actividades\/","title":{"rendered":"Grabaciones actividades"},"content":{"rendered":"\n<div class=\"wp-block-cover alignfull has-background-dim\" style=\"background-image:url(http:\/\/idm314.es\/wp-content\/uploads\/2021\/03\/lens-826308_640.jpg);min-height:200px\"><div class=\"wp-block-cover__inner-container\">\n<p class=\"has-text-align-left has-large-font-size\"><strong>Grabaciones actividades<\/strong><\/p>\n<\/div><\/div>\n\n\n\n<h3>Taller \u201cLibando las matem\u00e1ticas de las flores con GeoGebra\u00bb. D\u00e9bora Pereiro Carbajo. IES AS Barxas de Moa\u00f1a (Pontevedra)<\/h3>\n\n\n\n<figure class=\"wp-block-embed-youtube wp-block-embed is-type-video is-provider-youtube wp-embed-aspect-16-9 wp-has-aspect-ratio\"><div class=\"wp-block-embed__wrapper\">\n<div class=\"nv-iframe-embed\"><iframe title=\"D\u00e9bora Pereiro \u201cLibando las matem\u00e1ticas de las flores con GeoGebra\u00bb\" width=\"1200\" height=\"675\" src=\"https:\/\/www.youtube.com\/embed\/Ll0RA1DPLPI?feature=oembed\" frameborder=\"0\" allow=\"accelerometer; autoplay; clipboard-write; encrypted-media; gyroscope; picture-in-picture\" allowfullscreen><\/iframe><\/div>\n<\/div><\/figure>\n\n\n\n<h3>\u201cMatem\u00e1ticas: Ingrediente imprescindible contra la pandemia actual\u201d. Judit Chamorro Servent. Departamento de Matem\u00e1ticas de la Universidad Aut\u00f3noma de Barcelona<\/h3>\n\n\n\n<figure class=\"wp-block-embed-youtube wp-block-embed is-type-video is-provider-youtube wp-embed-aspect-16-9 wp-has-aspect-ratio\"><div class=\"wp-block-embed__wrapper\">\n<div class=\"nv-iframe-embed\"><iframe title=\"Judit Chamorro Servent \u201cMatem\u00e1ticas: Ingrediente imprescindible contra la pandemia actual\u201d\" width=\"1200\" height=\"675\" src=\"https:\/\/www.youtube.com\/embed\/64MiSqgGEVk?feature=oembed\" frameborder=\"0\" allow=\"accelerometer; autoplay; clipboard-write; encrypted-media; gyroscope; picture-in-picture\" allowfullscreen><\/iframe><\/div>\n<\/div><\/figure>\n\n\n\n<h3><br>Conferencia \u201cLas matem\u00e1ticas de la pandemia\u201d. Manuel de Le\u00f3n. ICMAT<\/h3>\n\n\n\n<figure class=\"wp-block-embed-youtube wp-block-embed is-type-video is-provider-youtube wp-embed-aspect-16-9 wp-has-aspect-ratio\"><div class=\"wp-block-embed__wrapper\">\n<div class=\"nv-iframe-embed\"><iframe title=\"Manuel de Le\u00f3n \u201cLas matem\u00e1ticas de la pandemia\u201d\" width=\"1200\" height=\"675\" src=\"https:\/\/www.youtube.com\/embed\/3nFsWoN_z4M?feature=oembed\" frameborder=\"0\" allow=\"accelerometer; autoplay; clipboard-write; encrypted-media; gyroscope; picture-in-picture\" allowfullscreen><\/iframe><\/div>\n<\/div><\/figure>\n\n\n\n<h3>Taller \u201cLas matem\u00e1ticas siempre ganan\u201d. Daniel Sadornil. Universidad de Cantabria. ESTALMAT Cantabria<\/h3>\n\n\n\n<figure class=\"wp-block-embed-youtube wp-block-embed is-type-video is-provider-youtube wp-embed-aspect-16-9 wp-has-aspect-ratio\"><div class=\"wp-block-embed__wrapper\">\n<div class=\"nv-iframe-embed\"><iframe title=\"Daniel Sadornil: \u201cLas matem\u00e1ticas siempre ganan\u201d\" width=\"1200\" height=\"675\" src=\"https:\/\/www.youtube.com\/embed\/udM1HiLM2XM?feature=oembed\" frameborder=\"0\" allow=\"accelerometer; autoplay; clipboard-write; encrypted-media; gyroscope; picture-in-picture\" allowfullscreen><\/iframe><\/div>\n<\/div><\/figure>\n\n\n\n<h3>\u00abJuegos de mesa como herramienta pedag\u00f3gica\u00bb. ABEAM &#8211; FEEMCAT<\/h3>\n\n\n\n<figure class=\"wp-block-embed-youtube wp-block-embed is-type-video is-provider-youtube wp-embed-aspect-4-3 wp-has-aspect-ratio\"><div class=\"wp-block-embed__wrapper\">\n<div class=\"nv-iframe-embed\"><iframe title=\"Grupo SET de juegos matem\u00e1ticos \u00abJuegos de mesa como herramienta pedag\u00f3gica\u00bb\" width=\"1200\" height=\"900\" src=\"https:\/\/www.youtube.com\/embed\/lhETtUpVn_o?feature=oembed\" frameborder=\"0\" allow=\"accelerometer; autoplay; clipboard-write; encrypted-media; gyroscope; picture-in-picture\" allowfullscreen><\/iframe><\/div>\n<\/div><\/figure>\n\n\n\n<h3>Taller \u00bfMagia?. Grupo SET de juegos matem\u00e1ticos. Rafael Ram\u00edrez Ucl\u00e9s. Universidad de Granada<\/h3>\n\n\n\n<figure class=\"wp-block-embed-youtube wp-block-embed is-type-video is-provider-youtube wp-embed-aspect-16-9 wp-has-aspect-ratio\"><div class=\"wp-block-embed__wrapper\">\n<div class=\"nv-iframe-embed\"><iframe title=\"Rafael Ram\u00edrez Ucl\u00e9s Taller \u00bfMagia?\" width=\"1200\" height=\"675\" src=\"https:\/\/www.youtube.com\/embed\/yZl6-tSq7bI?feature=oembed\" frameborder=\"0\" allow=\"accelerometer; autoplay; clipboard-write; encrypted-media; gyroscope; picture-in-picture\" allowfullscreen><\/iframe><\/div>\n<\/div><\/figure>\n\n\n\n<h3>Conferencia \u00a1Basta de Matem\u00e1ticas! \u00a1Prefiero leer y jugar!. Jos\u00e9 Luis Lupia\u00f1ez. Universidad de Granada.<\/h3>\n\n\n\n<figure class=\"wp-block-embed-youtube wp-block-embed is-type-video is-provider-youtube wp-embed-aspect-16-9 wp-has-aspect-ratio\"><div class=\"wp-block-embed__wrapper\">\n<div class=\"nv-iframe-embed\"><iframe title=\"Jos\u00e9 Luis Lupia\u00f1ez \u00a1Basta de Matem\u00e1ticas! \u00a1Prefiero leer y jugar!\" width=\"1200\" height=\"675\" src=\"https:\/\/www.youtube.com\/embed\/2JJIq8uo2Cc?feature=oembed\" frameborder=\"0\" allow=\"accelerometer; autoplay; clipboard-write; encrypted-media; gyroscope; picture-in-picture\" allowfullscreen><\/iframe><\/div>\n<\/div><\/figure>\n\n\n\n<h3>\u201c\u00bfCu\u00e1l es la mejor hora para ir al centro comercial\u201d. Taller con calculadora cient\u00edfica CASIO Classwiz. M. Teresa Navarro Moncho. Centro Espec\u00edfico de Educaci\u00f3n a Distancia de la Comunidad Valenciana<\/h3>\n\n\n\n<figure class=\"wp-block-embed-youtube wp-block-embed is-type-video is-provider-youtube wp-embed-aspect-16-9 wp-has-aspect-ratio\"><div class=\"wp-block-embed__wrapper\">\n<div class=\"nv-iframe-embed\"><iframe title=\"M. Teresa Navarro Moncho: \u201c\u00bfCu\u00e1l es la mejor hora para ir al centro comercial\u201d\" width=\"1200\" height=\"675\" src=\"https:\/\/www.youtube.com\/embed\/fvbO7QHRhrY?feature=oembed\" frameborder=\"0\" allow=\"accelerometer; autoplay; clipboard-write; encrypted-media; gyroscope; picture-in-picture\" allowfullscreen><\/iframe><\/div>\n<\/div><\/figure>\n\n\n\n<h3>Entrega de premios Concursos IDM 2021. <\/h3>\n\n\n\n<figure class=\"wp-block-embed-youtube wp-block-embed is-type-video is-provider-youtube wp-embed-aspect-16-9 wp-has-aspect-ratio\"><div class=\"wp-block-embed__wrapper\">\n<div class=\"nv-iframe-embed\"><iframe title=\"Entrega de premios Concursos D\u00eda Internacional de las Matem\u00e1ticas 2021\" width=\"1200\" height=\"675\" src=\"https:\/\/www.youtube.com\/embed\/nLZmeYGVrVU?feature=oembed\" frameborder=\"0\" allow=\"accelerometer; autoplay; clipboard-write; encrypted-media; gyroscope; picture-in-picture\" allowfullscreen><\/iframe><\/div>\n<\/div><\/figure>\n\n\n\n<p><\/p>\n","protected":false},"excerpt":{"rendered":"<p>Taller \u201cLibando las matem\u00e1ticas de las flores con GeoGebra\u00bb. D\u00e9bora Pereiro Carbajo. IES AS Barxas de Moa\u00f1a (Pontevedra) \u201cMatem\u00e1ticas: Ingrediente imprescindible contra la pandemia actual\u201d. Judit Chamorro Servent. Departamento de Matem\u00e1ticas de la Universidad Aut\u00f3noma de Barcelona Conferencia \u201cLas matem\u00e1ticas de la pandemia\u201d. Manuel de Le\u00f3n. ICMAT Taller \u201cLas matem\u00e1ticas siempre ganan\u201d. Daniel Sadornil. Universidad&hellip;&nbsp;<a href=\"https:\/\/2021.idm314.es\/index.php\/grabaciones-actividades\/\" class=\"\" rel=\"bookmark\">Leer m\u00e1s &raquo;<span class=\"screen-reader-text\">Grabaciones actividades<\/span><\/a><\/p>\n","protected":false},"author":2,"featured_media":0,"parent":0,"menu_order":0,"comment_status":"closed","ping_status":"closed","template":"","meta":{"neve_meta_sidebar":"full-width","neve_meta_container":"","neve_meta_enable_content_width":"on","neve_meta_content_width":100,"neve_meta_title_alignment":"","neve_meta_author_avatar":"","neve_post_elements_order":"","neve_meta_disable_header":"","neve_meta_disable_footer":"","neve_meta_disable_title":"on"},"_links":{"self":[{"href":"https:\/\/2021.idm314.es\/index.php\/wp-json\/wp\/v2\/pages\/371"}],"collection":[{"href":"https:\/\/2021.idm314.es\/index.php\/wp-json\/wp\/v2\/pages"}],"about":[{"href":"https:\/\/2021.idm314.es\/index.php\/wp-json\/wp\/v2\/types\/page"}],"author":[{"embeddable":true,"href":"https:\/\/2021.idm314.es\/index.php\/wp-json\/wp\/v2\/users\/2"}],"replies":[{"embeddable":true,"href":"https:\/\/2021.idm314.es\/index.php\/wp-json\/wp\/v2\/comments?post=371"}],"version-history":[{"count":3,"href":"https:\/\/2021.idm314.es\/index.php\/wp-json\/wp\/v2\/pages\/371\/revisions"}],"predecessor-version":[{"id":377,"href":"https:\/\/2021.idm314.es\/index.php\/wp-json\/wp\/v2\/pages\/371\/revisions\/377"}],"wp:attachment":[{"href":"https:\/\/2021.idm314.es\/index.php\/wp-json\/wp\/v2\/media?parent=371"}],"curies":[{"name":"wp","href":"https:\/\/api.w.org\/{rel}","templated":true}]}}