{"id":320,"date":"2020-11-23T23:27:45","date_gmt":"2020-11-23T22:27:45","guid":{"rendered":"http:\/\/idm314.fespm.es\/?page_id=320"},"modified":"2020-11-24T08:56:28","modified_gmt":"2020-11-24T07:56:28","slug":"publica-tu-actividad","status":"publish","type":"page","link":"https:\/\/2021.idm314.es\/index.php\/publica-tu-actividad\/","title":{"rendered":"Publica tu actividad"},"content":{"rendered":"\n<div class=\"wp-block-cover alignfull has-background-dim\" style=\"background-image:url(http:\/\/idm314.fespm.es\/wp-content\/uploads\/2020\/01\/casio.jpg);min-height:200px\"><div class=\"wp-block-cover__inner-container\">\n<p class=\"has-text-align-left has-large-font-size\"><strong>Publica tu actividad<\/strong><\/p>\n<\/div><\/div>\n\n\n\n<div style=\"height:20px\" aria-hidden=\"true\" class=\"wp-block-spacer\"><\/div>\n\n\n\n<p>Si deseas enviarnos informaci\u00f3n para que publicitemos la actividad que organices para celebrar el IDM 2021, para incluirlo en la agenda, env\u00edanos la informaci\u00f3n utilizando el siguiente formulario de contacto.<\/p>\n\n\n\n<p><a href=\"https:\/\/forms.gle\/XqMRjNfZqRP5NGft5\"><strong>Pulsa aqu\u00ed para enviarnos tu actividad<\/strong><\/a><\/p>\n","protected":false},"excerpt":{"rendered":"<p>Si deseas enviarnos informaci\u00f3n para que publicitemos la actividad que organices para celebrar el IDM 2021, para incluirlo en la agenda, env\u00edanos la informaci\u00f3n utilizando el siguiente formulario de contacto. Pulsa aqu\u00ed para enviarnos tu actividad<\/p>\n","protected":false},"author":2,"featured_media":0,"parent":0,"menu_order":0,"comment_status":"closed","ping_status":"closed","template":"","meta":{"neve_meta_sidebar":"full-width","neve_meta_container":"","neve_meta_enable_content_width":"on","neve_meta_content_width":100,"neve_meta_title_alignment":"","neve_meta_author_avatar":"","neve_post_elements_order":"","neve_meta_disable_header":"","neve_meta_disable_footer":"","neve_meta_disable_title":"on"},"_links":{"self":[{"href":"https:\/\/2021.idm314.es\/index.php\/wp-json\/wp\/v2\/pages\/320"}],"collection":[{"href":"https:\/\/2021.idm314.es\/index.php\/wp-json\/wp\/v2\/pages"}],"about":[{"href":"https:\/\/2021.idm314.es\/index.php\/wp-json\/wp\/v2\/types\/page"}],"author":[{"embeddable":true,"href":"https:\/\/2021.idm314.es\/index.php\/wp-json\/wp\/v2\/users\/2"}],"replies":[{"embeddable":true,"href":"https:\/\/2021.idm314.es\/index.php\/wp-json\/wp\/v2\/comments?post=320"}],"version-history":[{"count":3,"href":"https:\/\/2021.idm314.es\/index.php\/wp-json\/wp\/v2\/pages\/320\/revisions"}],"predecessor-version":[{"id":338,"href":"https:\/\/2021.idm314.es\/index.php\/wp-json\/wp\/v2\/pages\/320\/revisions\/338"}],"wp:attachment":[{"href":"https:\/\/2021.idm314.es\/index.php\/wp-json\/wp\/v2\/media?parent=320"}],"curies":[{"name":"wp","href":"https:\/\/api.w.org\/{rel}","templated":true}]}}