{"id":318,"date":"2020-11-23T23:25:43","date_gmt":"2020-11-23T22:25:43","guid":{"rendered":"http:\/\/idm314.fespm.es\/?page_id=318"},"modified":"2021-03-02T13:04:48","modified_gmt":"2021-03-02T12:04:48","slug":"actividad-central","status":"publish","type":"page","link":"https:\/\/2021.idm314.es\/index.php\/actividad-central\/","title":{"rendered":"Actividad central"},"content":{"rendered":"\n<div class=\"wp-block-cover alignfull has-background-dim\" style=\"background-image:url(http:\/\/idm314.fespm.es\/wp-content\/uploads\/2019\/12\/hong-kong-1990268_1280.jpg);min-height:200px\"><div class=\"wp-block-cover__inner-container\">\n<p class=\"has-text-align-left has-large-font-size\"><strong>Actividad central<\/strong><\/p>\n<\/div><\/div>\n\n\n\n<div style=\"height:20px\" aria-hidden=\"true\" class=\"wp-block-spacer\"><\/div>\n\n\n\n<p>Todas las actividades, salvo el concurso de mon\u00f3logos, se realizar\u00e1n de forma virtual a trav\u00e9s del enlace: <\/p>\n\n\n\n<p><a href=\"https:\/\/zoom.us\/j\/92441325387\n\"><strong>https:\/\/zoom.us\/j\/92441325387<br><\/strong><\/a><\/p>\n\n\n\n<h3><strong>Lunes, 8 de marzo<\/strong><\/h3>\n\n\n\n<p><strong>10:00 Taller \u201cLibando las matem\u00e1ticas de las flores con GeoGebra\u00bb <\/strong><\/p>\n\n\n\n<p>D\u00e9bora Pereiro Carbajo. IES AS Barxas de Moa\u00f1a (Pontevedra) <\/p>\n\n\n\n<p>Actividad dirigida al alumnado de ESO y Bachillerato. <\/p>\n\n\n\n<p>Se recomienda que el alumnado disponga de ordenador o tableta con conexi\u00f3n a internet y acceder a las actividades del taller que est\u00e1n en el siguiente enlace: Actividades Taller <a href=\"https:\/\/www.geogebra.org\/classroom\/khb9wbgf\">https:\/\/www.geogebra.org\/classroom\/khb9wbgf<\/a><\/p>\n\n\n\n<p><strong>12:00 \u201cMatem\u00e1ticas: Ingrediente imprescindible contra la pandemia actual\u201d<\/strong><\/p>\n\n\n\n<p>Judit Chamorro Servent. Departamento de Matem\u00e1ticas de la Universidad Aut\u00f3noma de Barcelona. <\/p>\n\n\n\n<p>Actividad dirigida al alumnado de 4\u00ba de ESO y Bachillerato<\/p>\n\n\n\n<h3>Martes, 9 de marzo<\/h3>\n\n\n\n<p><strong>10:00 Conferencia \u201cLas matem\u00e1ticas de la pandemia\u201d<\/strong><\/p>\n\n\n\n<p>Manuel de Le\u00f3n. ICMAT<\/p>\n\n\n\n<p>Actividad dirigida al alumnado de 4\u00ba de ESO y Bachillerato<\/p>\n\n\n\n<p><strong>12:00 Taller \u201cLas matem\u00e1ticas siempre ganan\u201d<\/strong><\/p>\n\n\n\n<p>Daniel Sadornil. Universidad de Cantabria. ESTALMAT Cantabria<\/p>\n\n\n\n<p>Actividad dirigida al alumnado de ESO<\/p>\n\n\n\n<p><strong>18:00 \u00abJuegos de mesa como herramienta pedag\u00f3gica\u00bb<\/strong><\/p>\n\n\n\n<p>Grupo SET de juegos matem\u00e1ticos. ABEAM &#8211; FEEMCAT<\/p>\n\n\n\n<h3>Mi\u00e9rcoles, 10 de marzo<\/h3>\n\n\n\n<p><strong>10:00 Taller \u00bfMagia?<\/strong><\/p>\n\n\n\n<p>Rafael Ram\u00edrez Ucl\u00e9s. Universidad de Granada<\/p>\n\n\n\n<p>Actividad dirigida al alumnado de ESO<\/p>\n\n\n\n<p><strong>12:00 Conferencia \u00a1Basta de Matem\u00e1ticas! \u00a1Prefiero leer y jugar!<\/strong><\/p>\n\n\n\n<p>Jos\u00e9 Luis Lupia\u00f1ez. Universidad de Granada<\/p>\n\n\n\n<p>Actividad dirigida al alumnado de ESO y Bachillerato<\/p>\n\n\n\n<h3>Jueves, 11 de marzo<\/h3>\n\n\n\n<p><strong>10:00 \u201c\u00bfCu\u00e1l es la mejor hora para ir al centro comercial\u201d<\/strong><\/p>\n\n\n\n<p>Taller con calculadora cient\u00edfica CASIO Classwiz<\/p>\n\n\n\n<p>M. Teresa Navarro Moncho. Centro Espec\u00edfico de Educaci\u00f3n a Distancia de la Comunidad Valenciana<\/p>\n\n\n\n<p>Actividad dirigida al alumnado de 3\u00ba y 4\u00ba de ESO<\/p>\n\n\n\n<p><strong>12:00 Entrega de premios Concursos IDM 2021<\/strong><\/p>\n\n\n\n<p><strong>18:00 Semifinal del Concurso Mon\u00f3logos convocado por la SAEM THALES Delegaci\u00f3n de Ja\u00e9n<\/strong><\/p>\n\n\n\n<p><strong><a href=\"https:\/\/www.youtube.com\/channel\/UCCOyV-1dXJx6zC_mZ04J1AQ\">Participaci\u00f3n a trav\u00e9s de Youtube<\/a><\/strong><\/p>\n\n\n\n<p><strong><a href=\"https:\/\/www.facebook.com\/FESPM\">Participaci\u00f3n a trav\u00e9s de Facebook<\/a><\/strong><\/p>\n","protected":false},"excerpt":{"rendered":"<p>Todas las actividades, salvo el concurso de mon\u00f3logos, se realizar\u00e1n de forma virtual a trav\u00e9s del enlace: https:\/\/zoom.us\/j\/92441325387 Lunes, 8 de marzo 10:00 Taller \u201cLibando las matem\u00e1ticas de las flores con GeoGebra\u00bb D\u00e9bora Pereiro Carbajo. IES AS Barxas de Moa\u00f1a (Pontevedra) Actividad dirigida al alumnado de ESO y Bachillerato. Se recomienda que el alumnado disponga&hellip;&nbsp;<a href=\"https:\/\/2021.idm314.es\/index.php\/actividad-central\/\" class=\"\" rel=\"bookmark\">Leer m\u00e1s &raquo;<span class=\"screen-reader-text\">Actividad central<\/span><\/a><\/p>\n","protected":false},"author":2,"featured_media":0,"parent":0,"menu_order":0,"comment_status":"closed","ping_status":"closed","template":"","meta":{"neve_meta_sidebar":"full-width","neve_meta_container":"","neve_meta_enable_content_width":"on","neve_meta_content_width":100,"neve_meta_title_alignment":"","neve_meta_author_avatar":"","neve_post_elements_order":"","neve_meta_disable_header":"","neve_meta_disable_footer":"","neve_meta_disable_title":"on"},"_links":{"self":[{"href":"https:\/\/2021.idm314.es\/index.php\/wp-json\/wp\/v2\/pages\/318"}],"collection":[{"href":"https:\/\/2021.idm314.es\/index.php\/wp-json\/wp\/v2\/pages"}],"about":[{"href":"https:\/\/2021.idm314.es\/index.php\/wp-json\/wp\/v2\/types\/page"}],"author":[{"embeddable":true,"href":"https:\/\/2021.idm314.es\/index.php\/wp-json\/wp\/v2\/users\/2"}],"replies":[{"embeddable":true,"href":"https:\/\/2021.idm314.es\/index.php\/wp-json\/wp\/v2\/comments?post=318"}],"version-history":[{"count":4,"href":"https:\/\/2021.idm314.es\/index.php\/wp-json\/wp\/v2\/pages\/318\/revisions"}],"predecessor-version":[{"id":356,"href":"https:\/\/2021.idm314.es\/index.php\/wp-json\/wp\/v2\/pages\/318\/revisions\/356"}],"wp:attachment":[{"href":"https:\/\/2021.idm314.es\/index.php\/wp-json\/wp\/v2\/media?parent=318"}],"curies":[{"name":"wp","href":"https:\/\/api.w.org\/{rel}","templated":true}]}}