{"id":157,"date":"2019-12-17T17:53:08","date_gmt":"2019-12-17T17:53:08","guid":{"rendered":"http:\/\/idm314.webenrevision.com\/?page_id=6"},"modified":"2021-01-28T10:12:20","modified_gmt":"2021-01-28T09:12:20","slug":"home","status":"publish","type":"page","link":"https:\/\/2021.idm314.es\/","title":{"rendered":"Inicio"},"content":{"rendered":"\n<div class=\"wp-block-cover alignfull has-background-dim\" style=\"background-image:url(http:\/\/idm314.fespm.es\/wp-content\/uploads\/2019\/12\/uv-art-1198042-1279x852-1.jpg);min-height:200px\"><div class=\"wp-block-cover__inner-container\">\n<p class=\"has-text-align-left has-large-font-size\"><strong>IDM 314<\/strong><\/p>\n<\/div><\/div>\n\n\n\n<div style=\"height:30px\" aria-hidden=\"true\" class=\"wp-block-spacer\"><\/div>\n\n\n<p>[vc_row][vc_column width=\u00bb1\/2&#8243;][vc_column_text]<\/p>\n<p>La 40\u00aa Conferencia General de la UNESCO proclam\u00f3 el d\u00eda 14 de marzo de cada a\u00f1o como <strong>D\u00eda Internacional de las Matem\u00e1ticas<\/strong> (40C\/ Resoluci\u00f3n 30 de 26 de noviembre de 2019). En muchos pa\u00edses, el <strong>14 de marzo (3\/14)<\/strong> ya se ven\u00eda celebrando como el <strong>D\u00eda de Pi<\/strong>, por lo que la resoluci\u00f3n de la UNESCO consolida el reconocimiento actual a las matem\u00e1ticas por su importante papel para hacer frente a los desaf\u00edos de nuestro tiempo en \u00e1mbitos como la inteligencia artificial, la salud, el cambio clim\u00e1tico, la energ\u00eda y el desarrollo sostenible y la mejora de la calidad de vida de la sociedad en general.<\/p>\n<p>En el marco de esta celebraci\u00f3n, cada a\u00f1o se propone un tema nuevo para animar a la participaci\u00f3n, despertar la creatividad y dar luz a las conexiones entre las matem\u00e1ticas y todo tipo de campos, conceptos e ideas. Para la primera edici\u00f3n oficial del a\u00f1o 2020, el tema elegido fue <em>Las matem\u00e1ticas est\u00e1n en todas partes<\/em>, con el que se pretend\u00eda mostrar al p\u00fablico la importancia que las matem\u00e1ticas tienen en nuestra vida diaria.<\/p>\n<p>Para 2021 el tema es\u00a0<strong><em>Mathematics for a Better World\u00a0<\/em><\/strong>(Matem\u00e1ticas para un mundo mejor), que insiste en la importancia que se reconoce a las matem\u00e1ticas en la mejora de la calidad de vida, en un claro gui\u00f1o al papel que est\u00e1n desempe\u00f1ando en la actual pandemia como herramienta insustituible para el monitoreo y la comprensi\u00f3n del fen\u00f3meno COVID-19.<\/p>\n<div id=\"overlapable-2\" class=\"features-coloured-icon-boxes-section\" data-label=\"Overlapable\" data-id=\"stripped-coloured-icon-boxes\" data-category=\"overlapable\" data-overlap=\"true\">\n<div class=\"gridContainer\">\n<div class=\"features-coloured-icon-boxes-innerrow flexbox-list dark-text\" data-type=\"row\">\n<div class=\"features-coloured-icon-boxes-featurecol cp3cols\">\n<p data-wahfont=\"14\">Siguiendo este eje tem\u00e1tico tendr\u00e1n lugar numerosos eventos. El\u00a0<strong>Comit\u00e9 Espa\u00f1ol de Matem\u00e1ticas (CEMat)<\/strong> a trav\u00e9s de su <strong>Comisi\u00f3n de Educaci\u00f3n<\/strong> ha comenzado a organizar los preparativos del pr\u00f3ximo 14 de marzo de 2021, contando con el apoyo de la\u00a0<strong>Federaci\u00f3n Espa\u00f1ola de Sociedades de Profesores de Matem\u00e1ticas (FESPM)<\/strong> y de la <strong>Sociedad Extreme\u00f1a de Educaci\u00f3n Matem\u00e1tica \u00abVentura Reyes Pr\u00f3sper\u00bb.<\/strong><\/p>\n<\/div>\n<\/div>\n<\/div>\n<\/div>\n<p>[\/vc_column_text][\/vc_column][vc_column width=\u00bb1\/2&#8243;][vc_column_text][\/vc_column_text][\/vc_column][\/vc_row][vc_row][vc_column][vc_column_text]<\/p>\n<div id=\"overlapable-2\" class=\"features-coloured-icon-boxes-section\" data-label=\"Overlapable\" data-id=\"stripped-coloured-icon-boxes\" data-category=\"overlapable\" data-overlap=\"true\">\n<div class=\"gridContainer\">\n<div class=\"features-coloured-icon-boxes-innerrow flexbox-list dark-text\" data-type=\"row\">\n<div class=\"features-coloured-icon-boxes-featurecol cp3cols\">\n<p>Con la intenci\u00f3n de que participen los estudiantes de diferentes niveles educativos en esta fecha tan se\u00f1alada, CEMAT y las sociedades que la componen convocamos distintos concursos y un gran acto de entrega de premios y celebraci\u00f3n del D\u00eda Internacional de las Matem\u00e1ticas. La entrega de premios tendr\u00e1 lugar en Extremadura\u00a0 si las medidas sanitarias lo permiten, para lo que contaremos con la colaboraci\u00f3n del<strong> Ayuntamiento de Don Benito y la Divisi\u00f3n Educativa de CASIO<\/strong>.<\/p>\n<\/div>\n<\/div>\n<\/div>\n<\/div>\n<p>[\/vc_column_text][\/vc_column][\/vc_row][vc_row][vc_column][vc_column_text]<\/p>\n<h2>Mathematics for a Better World<\/h2>\n<p>[\/vc_column_text][\/vc_column][\/vc_row][vc_row][vc_column width=\u00bb1\/2&#8243;][vc_column_text]<img loading=\"lazy\" class=\"alignnone size-medium wp-image-65\" src=\"http:\/\/idm314.fespm.es\/wp-content\/uploads\/2019\/12\/pi-1453836_1280-300x200.jpg\" alt=\"\" width=\"300\" height=\"200\" srcset=\"https:\/\/2021.idm314.es\/wp-content\/uploads\/2019\/12\/pi-1453836_1280-300x200.jpg 300w, https:\/\/2021.idm314.es\/wp-content\/uploads\/2019\/12\/pi-1453836_1280-1024x682.jpg 1024w, https:\/\/2021.idm314.es\/wp-content\/uploads\/2019\/12\/pi-1453836_1280-768x512.jpg 768w, https:\/\/2021.idm314.es\/wp-content\/uploads\/2019\/12\/pi-1453836_1280-930x620.jpg 930w, https:\/\/2021.idm314.es\/wp-content\/uploads\/2019\/12\/pi-1453836_1280.jpg 1280w\" sizes=\"(max-width: 300px) 100vw, 300px\" \/>[\/vc_column_text][\/vc_column][vc_column width=\u00bb1\/2&#8243;][vc_column_text]Mientras el mundo se enfrenta a la pandemia de COVID-19, las matem\u00e1ticas ofrecen sus modelos y herramientas para ayudarnos a comprender, monitorear y controlar la propagaci\u00f3n del virus. Tambi\u00e9n se utilizan para establecer pron\u00f3sticos meteorol\u00f3gicos y para predecir desastres naturales, advirtiendo del cambio clim\u00e1tico ayudando para anticiparnos y mitigar sus consecuencias.<\/p>\n<p>Las matem\u00e1ticas son esenciales para la organizaci\u00f3n eficiente de la sociedad buscando el bienestar de todos los ciudadanos. Optimiza las redes de transporte y comunicaci\u00f3n y permiten una planificaci\u00f3n y gesti\u00f3n inteligentes de los sistemas sanitarios, econ\u00f3micos y sociales. La ciencia y las matem\u00e1ticas tienen un papel crucial en la toma de decisiones para promover la paz y la justicia social en el mundo.<\/p>\n<p>Como idioma com\u00fan del planeta, las matem\u00e1ticas son parte esencial del patrimonio cultural de la humanidad. Est\u00e1n presenten en las artes, la m\u00fasica y los juegos, para el disfrute y el bienestar de todas las personas.<\/p>\n<p>Con el lema \u201cMatem\u00e1ticas para un mundo mejor\u201d proponemos una serie de actividades para celebrar una nueva edici\u00f3n del 14 de marzo de 2021 como D\u00eda Internacional de las matem\u00e1ticas.[\/vc_column_text][\/vc_column][\/vc_row][vc_row][vc_column][vc_column_text]<\/p>\n<h2><span style=\"color: #008080;\">Colaboradores<\/span><\/h2>\n<p>[\/vc_column_text][\/vc_column][\/vc_row][vc_row][vc_column width=\u00bb1\/4&#8243;][vc_column_text]<a href=\"https:\/\/www.donbenito.es\/\"><img loading=\"lazy\" class=\"alignnone wp-image-306 size-medium\" src=\"http:\/\/idm314.fespm.es\/wp-content\/uploads\/2020\/11\/AyuntamientodeDonBenito-300x207.png\" alt=\"\" width=\"300\" height=\"207\" srcset=\"https:\/\/2021.idm314.es\/wp-content\/uploads\/2020\/11\/AyuntamientodeDonBenito-300x207.png 300w, https:\/\/2021.idm314.es\/wp-content\/uploads\/2020\/11\/AyuntamientodeDonBenito.png 512w\" sizes=\"(max-width: 300px) 100vw, 300px\" \/><\/a>[\/vc_column_text][\/vc_column][vc_column width=\u00bb1\/4&#8243;][vc_column_text]<img loading=\"lazy\" class=\"alignnone wp-image-347 \" src=\"http:\/\/idm314.es\/wp-content\/uploads\/2021\/01\/logo-casio-division-educativa-ogp.png\" alt=\"\" width=\"321\" height=\"321\" srcset=\"https:\/\/2021.idm314.es\/wp-content\/uploads\/2021\/01\/logo-casio-division-educativa-ogp.png 450w, https:\/\/2021.idm314.es\/wp-content\/uploads\/2021\/01\/logo-casio-division-educativa-ogp-300x300.png 300w, https:\/\/2021.idm314.es\/wp-content\/uploads\/2021\/01\/logo-casio-division-educativa-ogp-150x150.png 150w\" sizes=\"(max-width: 321px) 100vw, 321px\" \/>[\/vc_column_text][\/vc_column][\/vc_row]<\/p>\n<p>[vc_row][vc_column][vc_column_text]<\/p>\n<h2><span style=\"color: #008080;\">Organizadores<\/span><\/h2>\n<p>[\/vc_column_text][\/vc_column][\/vc_row][vc_row][vc_column width=\u00bb1\/4&#8243;][vc_column_text]<a href=\"http:\/\/matematicas.uclm.es\/cemat\/es\/presentacion\/\"><img loading=\"lazy\" class=\"alignnone size-medium wp-image-95\" src=\"http:\/\/idm314.fespm.es\/wp-content\/uploads\/2019\/12\/cemat_portada-300x150.png\" alt=\"\" width=\"300\" height=\"150\" srcset=\"https:\/\/2021.idm314.es\/wp-content\/uploads\/2019\/12\/cemat_portada-300x150.png 300w, https:\/\/2021.idm314.es\/wp-content\/uploads\/2019\/12\/cemat_portada.png 500w\" sizes=\"(max-width: 300px) 100vw, 300px\" \/><\/a>[\/vc_column_text][\/vc_column][vc_column width=\u00bb1\/4&#8243;][vc_column_text]<a href=\"https:\/\/fespm.es\"><img loading=\"lazy\" class=\"alignnone wp-image-93 size-medium\" src=\"http:\/\/idm314.fespm.es\/wp-content\/uploads\/2019\/12\/images-300x154.png\" alt=\"\" width=\"300\" height=\"154\" srcset=\"https:\/\/2021.idm314.es\/wp-content\/uploads\/2019\/12\/images-300x154.png 300w, https:\/\/2021.idm314.es\/wp-content\/uploads\/2019\/12\/images.png 313w\" sizes=\"(max-width: 300px) 100vw, 300px\" \/><\/a>[\/vc_column_text][\/vc_column][vc_column width=\u00bb1\/4&#8243;][vc_column_text]<a href=\"http:\/\/venturareyesprosper.educarex.es\/\"><img loading=\"lazy\" class=\"alignnone wp-image-301 size-full\" src=\"http:\/\/idm314.fespm.es\/wp-content\/uploads\/2020\/11\/LogoSEEM.png\" alt=\"\" width=\"300\" height=\"126\" \/><\/a>[\/vc_column_text][\/vc_column][\/vc_row]<\/p>\n\n\n<p><\/p>\n","protected":false},"excerpt":{"rendered":"<p>[vc_row][vc_column width=\u00bb1\/2&#8243;][vc_column_text] La 40\u00aa Conferencia General de la UNESCO proclam\u00f3 el d\u00eda 14 de marzo de cada a\u00f1o como D\u00eda Internacional de las Matem\u00e1ticas (40C\/ Resoluci\u00f3n 30 de 26 de noviembre de 2019). En muchos pa\u00edses, el 14 de marzo (3\/14) ya se ven\u00eda celebrando como el D\u00eda de Pi, por lo que la resoluci\u00f3n&hellip;&nbsp;<a href=\"https:\/\/2021.idm314.es\/\" class=\"\" rel=\"bookmark\">Leer m\u00e1s &raquo;<span class=\"screen-reader-text\">Inicio<\/span><\/a><\/p>\n","protected":false},"author":2,"featured_media":0,"parent":0,"menu_order":0,"comment_status":"closed","ping_status":"closed","template":"","meta":{"neve_meta_sidebar":"full-width","neve_meta_container":"","neve_meta_enable_content_width":"off","neve_meta_content_width":0,"neve_meta_title_alignment":"","neve_meta_author_avatar":"","neve_post_elements_order":"","neve_meta_disable_header":"","neve_meta_disable_footer":"","neve_meta_disable_title":"on"},"_links":{"self":[{"href":"https:\/\/2021.idm314.es\/index.php\/wp-json\/wp\/v2\/pages\/157"}],"collection":[{"href":"https:\/\/2021.idm314.es\/index.php\/wp-json\/wp\/v2\/pages"}],"about":[{"href":"https:\/\/2021.idm314.es\/index.php\/wp-json\/wp\/v2\/types\/page"}],"author":[{"embeddable":true,"href":"https:\/\/2021.idm314.es\/index.php\/wp-json\/wp\/v2\/users\/2"}],"replies":[{"embeddable":true,"href":"https:\/\/2021.idm314.es\/index.php\/wp-json\/wp\/v2\/comments?post=157"}],"version-history":[{"count":22,"href":"https:\/\/2021.idm314.es\/index.php\/wp-json\/wp\/v2\/pages\/157\/revisions"}],"predecessor-version":[{"id":353,"href":"https:\/\/2021.idm314.es\/index.php\/wp-json\/wp\/v2\/pages\/157\/revisions\/353"}],"wp:attachment":[{"href":"https:\/\/2021.idm314.es\/index.php\/wp-json\/wp\/v2\/media?parent=157"}],"curies":[{"name":"wp","href":"https:\/\/api.w.org\/{rel}","templated":true}]}}