{"id":143,"date":"2020-01-10T12:01:46","date_gmt":"2020-01-10T12:01:46","guid":{"rendered":"http:\/\/idm314.es\/?page_id=143"},"modified":"2020-01-10T12:01:46","modified_gmt":"2020-01-10T12:01:46","slug":"publicita-tu-evento","status":"publish","type":"page","link":"https:\/\/2021.idm314.es\/index.php\/publicita-tu-evento\/","title":{"rendered":"Publicita tu Evento"},"content":{"rendered":"<p>[vc_row][vc_column width=\u00bb1\/1&#8243;][\/vc_column][\/vc_row][vc_row][vc_column width=\u00bb1\/2&#8243;][minti_headline size=\u00bbfontsize-xxxl\u00bb color=\u00bb#dd9933&#8243;]Publicita tu Evento[\/minti_headline][vc_column_text]Si deseas enviarnos informaci\u00f3n para que publicitemos el evento en esta web, env\u00edanos la informaci\u00f3n utilizando el siguiente formulario de contacto.[\/vc_column_text][minti_spacer height=\u00bb10&#8243;][contact-form-7 404 \"No encontrado\"][\/vc_column][vc_column width=\u00bb1\/2&#8243;][minti_spacer height=\u00bb105&#8243;][minti_image img=\u00bb145&#8243;][\/vc_column][\/vc_row][vc_row][vc_column width=\u00bb1\/2&#8243;][\/vc_column][vc_column width=\u00bb1\/2&#8243;][\/vc_column][\/vc_row]<\/p>\n","protected":false},"excerpt":{"rendered":"<p>[vc_row][vc_column width=\u00bb1\/1&#8243;][\/vc_column][\/vc_row][vc_row][vc_column width=\u00bb1\/2&#8243;][minti_headline size=\u00bbfontsize-xxxl\u00bb color=\u00bb#dd9933&#8243;]Publicita tu Evento[\/minti_headline][vc_column_text]Si deseas enviarnos informaci\u00f3n para que publicitemos el evento en esta web, env\u00edanos la informaci\u00f3n utilizando el siguiente formulario de contacto.[\/vc_column_text][minti_spacer height=\u00bb10&#8243;][\/vc_column][vc_column width=\u00bb1\/2&#8243;][minti_spacer height=\u00bb105&#8243;][minti_image img=\u00bb145&#8243;][\/vc_column][\/vc_row][vc_row][vc_column width=\u00bb1\/2&#8243;][\/vc_column][vc_column width=\u00bb1\/2&#8243;][\/vc_column][\/vc_row]<\/p>\n","protected":false},"author":2,"featured_media":0,"parent":0,"menu_order":0,"comment_status":"closed","ping_status":"closed","template":"","meta":{"neve_meta_sidebar":"","neve_meta_container":"","neve_meta_enable_content_width":"","neve_meta_content_width":0,"neve_meta_title_alignment":"","neve_meta_author_avatar":"","neve_post_elements_order":"","neve_meta_disable_header":"","neve_meta_disable_footer":"","neve_meta_disable_title":""},"_links":{"self":[{"href":"https:\/\/2021.idm314.es\/index.php\/wp-json\/wp\/v2\/pages\/143"}],"collection":[{"href":"https:\/\/2021.idm314.es\/index.php\/wp-json\/wp\/v2\/pages"}],"about":[{"href":"https:\/\/2021.idm314.es\/index.php\/wp-json\/wp\/v2\/types\/page"}],"author":[{"embeddable":true,"href":"https:\/\/2021.idm314.es\/index.php\/wp-json\/wp\/v2\/users\/2"}],"replies":[{"embeddable":true,"href":"https:\/\/2021.idm314.es\/index.php\/wp-json\/wp\/v2\/comments?post=143"}],"version-history":[{"count":0,"href":"https:\/\/2021.idm314.es\/index.php\/wp-json\/wp\/v2\/pages\/143\/revisions"}],"wp:attachment":[{"href":"https:\/\/2021.idm314.es\/index.php\/wp-json\/wp\/v2\/media?parent=143"}],"curies":[{"name":"wp","href":"https:\/\/api.w.org\/{rel}","templated":true}]}}